{"id":3011,"date":"2022-09-16T08:40:18","date_gmt":"2022-09-16T06:40:18","guid":{"rendered":"https:\/\/www.ivicicavnuci.cz\/eshop\/?post_type=product&#038;p=3011"},"modified":"2023-09-09T11:58:24","modified_gmt":"2023-09-09T09:58:24","slug":"sauvignon_21","status":"publish","type":"product","link":"https:\/\/www.carodejky.eu\/eshop\/product\/sauvignon_21\/","title":{"rendered":"Sauvignon 2021"},"content":{"rendered":"<p><span style=\"font-family: book antiqua, palatino, serif;\"><span style=\"font-size: 18.6667px;\"><b>Hrozny odr\u016fdy Sauvignon poch\u00e1z\u00ed z 22 let star\u00e9 vinice Hovoransk\u00e9 trati.<br \/>\nZr\u00e1n\u00ed prob\u00edhalo na jemn\u00fdch kalech v dubov\u00e9m sudu. Chu\u0165 zral\u00e9ho ovoce<br \/>\ndoprov\u00e1zen\u00e1 kou\u0159ov\u00fdm d\u0159evem ve V\u00e1s zanech\u00e1 dojem. V\u00edno je pln\u00e9 s dlouhotrvaj\u00edc\u00ed dochut\u00ed.<\/b><\/span><\/span><\/p>\n<p>Doporu\u010dujeme k rizot\u016fm i masit\u00fdm pokrm\u016fm.<\/p>\n<p>&nbsp;<\/p>\n<table>\n<tbody>\n<tr style=\"height: 24px;\">\n<th style=\"height: 24px;\"><span style=\"font-family: georgia, palatino, serif;\">Odr\u016fda<\/span><\/th>\n<td style=\"height: 24px;\">Sauvignon<\/td>\n<th style=\"height: 24px;\"><span style=\"font-family: georgia, palatino, serif;\">Kategorie<\/span><\/th>\n<td style=\"height: 24px;\">such\u00e9<\/td>\n<\/tr>\n<tr style=\"height: 22px;\">\n<th style=\"height: 22px;\"><span style=\"font-family: georgia, palatino, serif;\">P\u0159\u00edvlastek<\/span><\/th>\n<td style=\"height: 22px;\">Maravsk\u00e9 zemsk\u00e9 v\u00edno<\/td>\n<th style=\"height: 22px;\"><span style=\"font-family: georgia, palatino, serif;\">Barva v\u00edna<\/span><\/th>\n<td style=\"height: 22px;\">b\u00edl\u00e9<\/td>\n<\/tr>\n<tr style=\"height: 24px;\">\n<th style=\"height: 24px;\"><span style=\"font-family: georgia, palatino, serif;\">Ro\u010dn\u00edk<\/span><\/th>\n<td style=\"height: 24px;\"><span style=\"font-family: georgia, palatino, serif;\">2021<\/span><\/td>\n<th style=\"height: 24px;\"><span style=\"font-family: georgia, palatino, serif;\">Zbytkov\u00fd cukr<\/span><\/th>\n<td style=\"height: 24px;\"><span style=\"font-family: georgia, palatino, serif;\">0,4 g\/l<\/span><\/td>\n<\/tr>\n<tr style=\"height: 24px;\">\n<th style=\"height: 24px;\"><span style=\"font-family: georgia, palatino, serif;\">Obsah lahve<\/span><\/th>\n<td style=\"height: 24px;\"><span style=\"font-family: georgia, palatino, serif;\">0,75 l<\/span><\/td>\n<th style=\"height: 24px;\"><span style=\"font-family: georgia, palatino, serif;\">Kyseliny<\/span><\/th>\n<td style=\"height: 24px;\"><span style=\"font-family: georgia, palatino, serif;\">4,6 g\/l<\/span><\/td>\n<\/tr>\n<tr style=\"height: 24px;\">\n<th style=\"height: 24px;\"><span style=\"font-family: georgia, palatino, serif;\">Vina\u0159sk\u00e1 obec<\/span><\/th>\n<td style=\"height: 24px;\"><span style=\"font-family: georgia, palatino, serif;\">\u010cej\u010d<\/span><\/td>\n<th style=\"height: 24px;\"><span style=\"font-family: georgia, palatino, serif;\">Alkohol<\/span><\/th>\n<td style=\"height: 24px;\"><span style=\"font-family: georgia, palatino, serif;\">12 %<\/span><\/td>\n<\/tr>\n<tr style=\"height: 24px;\">\n<th style=\"height: 23px;\"><span style=\"font-family: georgia, palatino, serif;\">Vini\u010dn\u00ed tra\u0165<\/span><\/th>\n<td style=\"height: 23px;\"><span style=\"font-family: georgia, palatino, serif;\">Hovoransko<\/span><\/td>\n<th style=\"height: 23px;\">Doba zr\u00e1n\u00ed<\/th>\n<td style=\"height: 23px;\">12 m\u011bs\u00edc\u016f<\/td>\n<\/tr>\n<tr style=\"height: 24px;\">\n<th style=\"height: 24px;\"><span style=\"font-family: georgia, palatino, serif;\">Region<\/span><\/th>\n<td style=\"height: 24px;\"><span style=\"font-family: georgia, palatino, serif;\">Morava<\/span><\/td>\n<th style=\"height: 24px;\"><span style=\"font-family: georgia, palatino, serif;\">Obsahuje<\/span><\/th>\n<td style=\"height: 24px;\"><span style=\"font-family: georgia, palatino, serif;\">oxid si\u0159i\u010dit\u00fd<\/span><\/td>\n<\/tr>\n<\/tbody>\n<\/table>\n","protected":false},"excerpt":{"rendered":"<p>Hrozny odr\u016fdy Sauvignon poch\u00e1z\u00ed z 22 let star\u00e9 vinice Hovoransk\u00e9 trati. Zr\u00e1n\u00ed prob\u00edhalo na jemn\u00fdch kalech v dubov\u00e9m sudu. Chu\u0165 zral\u00e9ho ovoce doprov\u00e1zen\u00e1 kou\u0159ov\u00fdm d\u0159evem ve V\u00e1s zanech\u00e1 dojem. V\u00edno [&hellip;]<\/p>\n","protected":false},"featured_media":3200,"comment_status":"open","ping_status":"closed","template":"","meta":[],"product_cat":[133],"product_tag":[193,137,141],"class_list":{"0":"post-3011","1":"product","2":"type-product","3":"status-publish","4":"has-post-thumbnail","6":"product_cat-bile-vino","7":"product_tag-193","8":"product_tag-bile","9":"product_tag-suche","11":"first","12":"instock","13":"sale","14":"purchasable","15":"product-type-simple"},"jetpack_publicize_connections":[],"jetpack_sharing_enabled":true,"jetpack_likes_enabled":false,"_links":{"self":[{"href":"https:\/\/www.carodejky.eu\/eshop\/wp-json\/wp\/v2\/product\/3011","targetHints":{"allow":["GET"]}}],"collection":[{"href":"https:\/\/www.carodejky.eu\/eshop\/wp-json\/wp\/v2\/product"}],"about":[{"href":"https:\/\/www.carodejky.eu\/eshop\/wp-json\/wp\/v2\/types\/product"}],"replies":[{"embeddable":true,"href":"https:\/\/www.carodejky.eu\/eshop\/wp-json\/wp\/v2\/comments?post=3011"}],"wp:featuredmedia":[{"embeddable":true,"href":"https:\/\/www.carodejky.eu\/eshop\/wp-json\/wp\/v2\/media\/3200"}],"wp:attachment":[{"href":"https:\/\/www.carodejky.eu\/eshop\/wp-json\/wp\/v2\/media?parent=3011"}],"wp:term":[{"taxonomy":"product_cat","embeddable":true,"href":"https:\/\/www.carodejky.eu\/eshop\/wp-json\/wp\/v2\/product_cat?post=3011"},{"taxonomy":"product_tag","embeddable":true,"href":"https:\/\/www.carodejky.eu\/eshop\/wp-json\/wp\/v2\/product_tag?post=3011"}],"curies":[{"name":"wp","href":"https:\/\/api.w.org\/{rel}","templated":true}]}}