{"id":3207,"date":"2023-02-21T19:02:10","date_gmt":"2023-02-21T18:02:10","guid":{"rendered":"https:\/\/www.ivicicavnuci.cz\/eshop\/?post_type=product&#038;p=3207"},"modified":"2023-09-26T10:43:22","modified_gmt":"2023-09-26T08:43:22","slug":"rulandske_22","status":"publish","type":"product","link":"https:\/\/www.carodejky.eu\/eshop\/product\/rulandske_22\/","title":{"rendered":"Rulandsk\u00e9 \u0161ed\u00e9 2022"},"content":{"rendered":"<p>V\u00edno zlat\u00e9 a\u017e m\u011bd\u011bn\u00e9 barvy, kter\u00e1 je odr\u016fdov\u011b typick\u00e1.<br \/>\nV\u016fn\u011b je lehk\u00e1, kv\u011btinov\u00e1, ovocn\u00e1 p\u0159ech\u00e1zej\u00edc\u00ed do su\u0161en\u00e9ho ovoce.<br \/>\nChu\u0165 je pln\u00e1, dlouhotrvaj\u00edc\u00ed s n\u00e1dechem su\u0161en\u00e9 hru\u0161ky \u010di kandovan\u00e9ho ovoce.<br \/>\nZran\u00edm z\u00edsk\u00e1v\u00e1 na kvalit\u011b.<br \/>\nDoporu\u010dujeme k mo\u0159sk\u00fdm plod\u016fm, sal\u00e1t\u016fm \u010di sushi.<\/p>\n<p>&nbsp;<\/p>\n<table>\n<tbody>\n<tr>\n<th>Odr\u016fda<\/th>\n<td>Rulandsk\u00e9 \u0161ed\u00e9<\/td>\n<th>Kategorie<\/th>\n<td>Such\u00e9<\/td>\n<\/tr>\n<tr>\n<th>P\u0159\u00edvlastek<\/th>\n<td>Moravsk\u00e9 zemsk\u00e9 v\u00edno<\/td>\n<th>Barva v\u00edna<\/th>\n<td>b\u00edl\u00e9<\/td>\n<\/tr>\n<tr>\n<th>Ro\u010dn\u00edk<\/th>\n<td>2022<\/td>\n<th>Zbytkov\u00fd cukr<\/th>\n<td>3 g\/l<\/td>\n<\/tr>\n<tr>\n<th>Obsah lahve<\/th>\n<td>0,75 l<\/td>\n<th>Kyseliny<\/th>\n<td>5,3 g\/l<\/td>\n<\/tr>\n<tr>\n<th>Vina\u0159sk\u00e1 obec<\/th>\n<td>\u010cej\u010d<\/td>\n<th>Alkohol<\/th>\n<td>\u00a012 %<\/td>\n<\/tr>\n<tr>\n<th>Vini\u010dn\u00ed tra\u0165<\/th>\n<td>Hovoransko<\/td>\n<th>Doba zr\u00e1n\u00ed<\/th>\n<td>&#8212;<\/td>\n<\/tr>\n<tr>\n<th>Region<\/th>\n<td>Morava<\/td>\n<th>Obsahuje<\/th>\n<td>oxid si\u0159i\u010dit\u00fd<\/td>\n<\/tr>\n<\/tbody>\n<\/table>\n<p>&nbsp;<\/p>\n","protected":false},"excerpt":{"rendered":"<p>V\u00edno zlat\u00e9 a\u017e m\u011bd\u011bn\u00e9 barvy, kter\u00e1 je odr\u016fdov\u011b typick\u00e1. V\u016fn\u011b je lehk\u00e1, kv\u011btinov\u00e1, ovocn\u00e1 p\u0159ech\u00e1zej\u00edc\u00ed do su\u0161en\u00e9ho ovoce. Chu\u0165 je pln\u00e1, dlouhotrvaj\u00edc\u00ed s n\u00e1dechem su\u0161en\u00e9 hru\u0161ky \u010di kandovan\u00e9ho ovoce. Zran\u00edm [&hellip;]<\/p>\n","protected":false},"featured_media":3208,"comment_status":"open","ping_status":"closed","template":"","meta":[],"product_cat":[133],"product_tag":[206,137,141],"class_list":{"0":"post-3207","1":"product","2":"type-product","3":"status-publish","4":"has-post-thumbnail","6":"product_cat-bile-vino","7":"product_tag-206","8":"product_tag-bile","9":"product_tag-suche","11":"first","12":"instock","13":"sale","14":"purchasable","15":"product-type-simple"},"jetpack_publicize_connections":[],"jetpack_sharing_enabled":true,"jetpack_likes_enabled":false,"_links":{"self":[{"href":"https:\/\/www.carodejky.eu\/eshop\/wp-json\/wp\/v2\/product\/3207","targetHints":{"allow":["GET"]}}],"collection":[{"href":"https:\/\/www.carodejky.eu\/eshop\/wp-json\/wp\/v2\/product"}],"about":[{"href":"https:\/\/www.carodejky.eu\/eshop\/wp-json\/wp\/v2\/types\/product"}],"replies":[{"embeddable":true,"href":"https:\/\/www.carodejky.eu\/eshop\/wp-json\/wp\/v2\/comments?post=3207"}],"wp:featuredmedia":[{"embeddable":true,"href":"https:\/\/www.carodejky.eu\/eshop\/wp-json\/wp\/v2\/media\/3208"}],"wp:attachment":[{"href":"https:\/\/www.carodejky.eu\/eshop\/wp-json\/wp\/v2\/media?parent=3207"}],"wp:term":[{"taxonomy":"product_cat","embeddable":true,"href":"https:\/\/www.carodejky.eu\/eshop\/wp-json\/wp\/v2\/product_cat?post=3207"},{"taxonomy":"product_tag","embeddable":true,"href":"https:\/\/www.carodejky.eu\/eshop\/wp-json\/wp\/v2\/product_tag?post=3207"}],"curies":[{"name":"wp","href":"https:\/\/api.w.org\/{rel}","templated":true}]}}