{"id":11,"date":"2015-05-28T09:06:06","date_gmt":"2015-05-28T08:06:06","guid":{"rendered":"http:\/\/localhost\/zoopark\/?page_id=11"},"modified":"2024-02-20T17:49:13","modified_gmt":"2024-02-20T16:49:13","slug":"obcerstveni","status":"publish","type":"page","link":"https:\/\/www.carodejky.eu\/index.php\/obcerstveni\/","title":{"rendered":"Ob\u010derstven\u00ed v zooparku"},"content":{"rendered":"<p><img loading=\"lazy\" class=\"aligncenter size-full wp-image-225\" src=\"\/wp-content\/uploads\/2015\/05\/obcerstv-dekor.png\" alt=\"\" width=\"920\" height=\"143\" srcset=\"https:\/\/www.carodejky.eu\/wp-content\/uploads\/2015\/05\/obcerstv-dekor.png 920w, https:\/\/www.carodejky.eu\/wp-content\/uploads\/2015\/05\/obcerstv-dekor-300x47.png 300w, https:\/\/www.carodejky.eu\/wp-content\/uploads\/2015\/05\/obcerstv-dekor-250x39.png 250w, https:\/\/www.carodejky.eu\/wp-content\/uploads\/2015\/05\/obcerstv-dekor-150x23.png 150w\" sizes=\"(max-width: 920px) 100vw, 920px\" \/><\/p>\n<h4><span style=\"color: #000000;\">P\u0159ije\u010fte si prohl\u00e9dnout zoopark a na\u010derpejte nov\u00e9 s\u00edly.<\/span><\/h4>\n<h4><span style=\"color: #000000;\">Sou\u010d\u00e1st\u00ed are\u00e1lu zooparku je ob\u010derstven\u00ed s venkovn\u00ed terasou a mal\u00fdm d\u011btsk\u00fdm h\u0159i\u0161t\u011bm.\u00a0 \u00a0 \u00a0 \u00a0 \u00a0 \u00a0 \u00a0 \u00a0 \u00a0 \u00a0 \u00a0 \u00a0 \u00a0 \u00a0 \u00a0 \u00a0 \u00a0 \u00a0 \u00a0 \u00a0 \u00a0 \u00a0 \u00a0 \u00a0 \u00a0 \u00a0 \u00a0 <\/span><br \/>\n<span style=\"color: #000000;\"> Nab\u00edz\u00edme n\u011bkolik rychl\u00fdch j\u00eddel jako jsou sma\u017een\u00fd s\u00fdr, \u0159\u00edzek \u010di klasiky jako jsou hranolky, nebo brambor\u00e1\u010dky, <\/span><span style=\"color: #000000;\">nebo zmrzlinov\u00e9 poh\u00e1ry \u010di pala\u010dinky.<\/span><br \/>\n<span style=\"color: #000000;\"><br \/>\nNa uha\u0161en\u00ed \u017e\u00edzn\u011b m\u00e1me to\u010den\u00e9 pivo a limon\u00e1du, d\u00e1le nab\u00edz\u00edme mnoho lahvov\u00fdch n\u00e1poj\u016f (Coca-cola, Fanta, Kofola, Mattoni &#8230;),dom\u00e1c\u00ed limon\u00e1dy, <\/span><span style=\"color: #000000;\">nebo si m\u016f\u017eete\u00a0 posed\u011bt u r\u016fzn\u00fdch druh\u016f k\u00e1v (i bez kofeinu) \u010di v\u00edna z rodinn\u00e9ho vina\u0159stv\u00ed.<br \/>\n<\/span><span style=\"color: #000000;\">M\u00e1me tak\u00e9 velkou nab\u00eddku m\u00edchan\u00fdch alkoholick\u00fdch i nealkoholick\u00fdch n\u00e1poj\u016f.<\/span><\/h4>\n<h4>\n<span style=\"color: #000000;\">V letn\u00edch dnech ur\u010dit\u011b p\u0159ijde vhod kope\u010dkov\u00e1 zmrzlina. Ta je k dispozici na pokladn\u011b zooparku a je mo\u017en\u00e9 ji zakoupit i bez n\u00e1v\u0161t\u011bvy are\u00e1lu.\u00a0<\/span><\/h4>\n<h4><span style=\"color: #000000;\">Na\u0161e nab\u00eddka ob\u010derstven\u00ed:<\/span> <a href=\"https:\/\/www.carodejky.eu\/download\/menu.pdf\" target=\"_blank\" rel=\"noopener noreferrer\">klikn\u011bte pro otev\u0159en\u00ed menu<\/a><\/h4>\n<h3><strong><a href=\"https:\/\/qerko.com\/restaurant\/939fc616-dd14-44fd-984b-cff1a6808d78\/reservation\" target=\"_blank\" rel=\"noopener\">Rezervaci stolu m\u016f\u017eete vytvo\u0159it kliknut\u00edm zde.<\/a><\/strong><\/h3>\n<p style=\"text-align: center;\">\n<p>(Ob\u010derstven\u00ed nen\u00ed samostatn\u011b p\u0159\u00edstupn\u00e9 &#8211; je sou\u010d\u00e1st\u00ed are\u00e1lu zooparku. Zm\u011bna cen vyhrazena.)<\/p>\n<p><img loading=\"lazy\" class=\"aligncenter size-full wp-image-227\" src=\"\/wp-content\/uploads\/2015\/05\/obcerstveni-dekor-spodni-kopie.png\" alt=\"\" width=\"495\" height=\"95\" srcset=\"https:\/\/www.carodejky.eu\/wp-content\/uploads\/2015\/05\/obcerstveni-dekor-spodni-kopie.png 495w, https:\/\/www.carodejky.eu\/wp-content\/uploads\/2015\/05\/obcerstveni-dekor-spodni-kopie-300x58.png 300w, https:\/\/www.carodejky.eu\/wp-content\/uploads\/2015\/05\/obcerstveni-dekor-spodni-kopie-250x48.png 250w, https:\/\/www.carodejky.eu\/wp-content\/uploads\/2015\/05\/obcerstveni-dekor-spodni-kopie-150x29.png 150w\" sizes=\"(max-width: 495px) 100vw, 495px\" \/><\/p>\n","protected":false},"excerpt":{"rendered":"<p>P\u0159ije\u010fte si prohl\u00e9dnout zoopark a na\u010derpejte nov\u00e9 s\u00edly. Sou\u010d\u00e1st\u00ed are\u00e1lu zooparku je ob\u010derstven\u00ed s venkovn\u00ed terasou a mal\u00fdm d\u011btsk\u00fdm h\u0159i\u0161t\u011bm.\u00a0 \u00a0 \u00a0 \u00a0 \u00a0 \u00a0 \u00a0 \u00a0 \u00a0 \u00a0 \u00a0 \u00a0 \u00a0 \u00a0 \u00a0 \u00a0 \u00a0 \u00a0 \u00a0 \u00a0 \u00a0 \u00a0 \u00a0 \u00a0 \u00a0 \u00a0 \u00a0 Nab\u00edz\u00edme n\u011bkolik rychl\u00fdch j\u00eddel \u2026<\/p>\n<p> <a class=\"continue-reading-link\" href=\"https:\/\/www.carodejky.eu\/index.php\/obcerstveni\/\">Pokra\u010duj zde&#8230;<i class=\"icon-right-dir\"><\/i><\/a><\/p>\n","protected":false},"author":1,"featured_media":0,"parent":0,"menu_order":0,"comment_status":"closed","ping_status":"closed","template":"","meta":[],"_links":{"self":[{"href":"https:\/\/www.carodejky.eu\/index.php\/wp-json\/wp\/v2\/pages\/11"}],"collection":[{"href":"https:\/\/www.carodejky.eu\/index.php\/wp-json\/wp\/v2\/pages"}],"about":[{"href":"https:\/\/www.carodejky.eu\/index.php\/wp-json\/wp\/v2\/types\/page"}],"author":[{"embeddable":true,"href":"https:\/\/www.carodejky.eu\/index.php\/wp-json\/wp\/v2\/users\/1"}],"replies":[{"embeddable":true,"href":"https:\/\/www.carodejky.eu\/index.php\/wp-json\/wp\/v2\/comments?post=11"}],"version-history":[{"count":19,"href":"https:\/\/www.carodejky.eu\/index.php\/wp-json\/wp\/v2\/pages\/11\/revisions"}],"predecessor-version":[{"id":658,"href":"https:\/\/www.carodejky.eu\/index.php\/wp-json\/wp\/v2\/pages\/11\/revisions\/658"}],"wp:attachment":[{"href":"https:\/\/www.carodejky.eu\/index.php\/wp-json\/wp\/v2\/media?parent=11"}],"curies":[{"name":"wp","href":"https:\/\/api.w.org\/{rel}","templated":true}]}}