{"id":13,"date":"2015-05-28T09:06:28","date_gmt":"2015-05-28T08:06:28","guid":{"rendered":"http:\/\/localhost\/zoopark\/?page_id=13"},"modified":"2024-02-20T18:24:07","modified_gmt":"2024-02-20T17:24:07","slug":"ubytovani","status":"publish","type":"page","link":"https:\/\/www.carodejky.eu\/index.php\/ubytovani\/","title":{"rendered":"Penzion &#8211; ubytov\u00e1n\u00ed"},"content":{"rendered":"<p><img loading=\"lazy\" class=\"aligncenter size-full wp-image-77\" src=\"\/wp-content\/uploads\/2015\/05\/ubytovani-dekor.png\" alt=\"\" width=\"920\" height=\"148\" srcset=\"https:\/\/www.carodejky.eu\/wp-content\/uploads\/2015\/05\/ubytovani-dekor.png 920w, https:\/\/www.carodejky.eu\/wp-content\/uploads\/2015\/05\/ubytovani-dekor-300x48.png 300w, https:\/\/www.carodejky.eu\/wp-content\/uploads\/2015\/05\/ubytovani-dekor-250x40.png 250w, https:\/\/www.carodejky.eu\/wp-content\/uploads\/2015\/05\/ubytovani-dekor-150x24.png 150w\" sizes=\"(max-width: 920px) 100vw, 920px\" \/><\/p>\n<h4><strong>Pro na\u0161e hosty je p\u0159ipraveno p\u0159\u00edjemn\u00e9 ubytov\u00e1n\u00ed ve dvan\u00e1cti, v\u00fdzdobou a barevn\u011b odli\u0161en\u00fdch pokoj\u00edch. Ka\u017ed\u00fd pokoj je opat\u0159en digit\u00e1ln\u00ed TV. V pat\u0159e s pokoji je mo\u017eno vyu\u017e\u00edvat velikou spole\u010denskou m\u00edstnost s TV, kule\u010dn\u00edkem, hra\u010dky pro mal\u00e9 d\u011bti, spole\u010dn\u00e1 ledni\u010dka, mal\u00e1 posilovna. V p\u0159\u00edpad\u011b p\u011bkn\u00e9ho po\u010das\u00ed je k dispozici v cen\u011b ubytov\u00e1n\u00ed venkovn\u00ed baz\u00e9n. Za poplatek je k dispozici infra &#8211; such\u00e1 sauna.<\/strong><\/h4>\n<hr>\n<div class=\"ezcol ezcol-one-half\"><\/div><strong><span style=\"font-size: large;\">Rozlo\u017een\u00ed pokoj\u016f:<\/span><\/strong><div class=\"su-list\" style=\"margin-left:0px\">\n<ul>\n<li><i class=\"sui sui-circle\" style=\"color:#886818\"><\/i> <span style=\"font-size: medium;\">4x dvoul\u016f\u017ekov\u00e9 pokoje s vlastn\u00edm soci\u00e1ln\u00edm za\u0159\u00edzen\u00edm<\/span><\/li>\n<li><i class=\"sui sui-circle\" style=\"color:#886818\"><\/i> 2x t\u0159\u00edl\u016f\u017ekov\u00fd pokoj s vlastn\u00edm soci\u00e1ln\u00edm za\u0159\u00edzen\u00edm<\/li>\n<li><i class=\"sui sui-circle\" style=\"color:#886818\"><\/i> <span style=\"font-size: medium;\">2x \u010dty\u0159l\u016f\u017ekov\u00e9 pokoje bez soci\u00e1ln\u00edho za\u0159\u00edzen\u00ed (spole\u010dn\u00e9 na pat\u0159e)<\/span><\/li>\n<li><i class=\"sui sui-circle\" style=\"color:#886818\"><\/i> <span style=\"font-size: medium;\">1x t\u0159\u00edl\u016f\u017ekov\u00fd pokoje bez soci\u00e1ln\u00edho za\u0159\u00edzen\u00ed&nbsp;(spole\u010dn\u00e9 na pat\u0159e)<\/span><\/li>\n<li><i class=\"sui sui-circle\" style=\"color:#886818\"><\/i> <span style=\"font-size: medium;\">2x dvoul\u016f\u017ekov\u00e9 pokoje bez soci\u00e1ln\u00edho za\u0159\u00edzen\u00ed&nbsp;(spole\u010dn\u00e9 na pat\u0159e)<\/span><\/li>\n<li><i class=\"sui sui-circle\" style=\"color:#886818\"><\/i> <span style=\"font-size: medium;\">Mo\u017enost zapuj\u010den\u00ed d\u011btsk\u00e9 post\u00fdlky a d\u011btsk\u00e9 ch\u016fvi\u010dky<\/span><\/li>\n<li><i class=\"sui sui-circle\" style=\"color:#886818\"><\/i> <span style=\"font-size: medium;\">Mo\u017enost p\u0159iplatit si sn\u00eddani kontinent\u00e1ln\u00edho stylu<\/span><\/li>\n<li><i class=\"sui sui-circle\" style=\"color:#886818\"><\/i> V p\u0159\u00edpad\u011b p\u011bkn\u00e9ho po\u010das\u00ed je k dispozici venkovn\u00ed baz\u00e9n v cen\u011b ubytov\u00e1n\u00ed<br \/>\n(provozn\u00ed doba v informac\u00edch na recepci)<\/li>\n<\/ul>\n<\/div><strong><span style=\"font-size: large;\">Cen\u00edk:<\/span><\/strong><div class=\"ezcol ezcol-one-half ezcol-last\"><\/div><div class=\"ezcol-divider\"><\/div><div class=\"su-list\" style=\"margin-left:0px\">\n<p>Pokoje s vlastn\u00ed koupelnou se sprchov\u00fdm koutem:<\/p>\n<ul>\n<li><i class=\"sui sui-circle\" style=\"color:#886818\"><\/i> Pokoj se soci\u00e1ln\u00edm za\u0159\u00edzen\u00edm na pokoji &#8211; 580,- K\u010d\/noc\/osoba &#8211; dosp\u011bl\u00e1 osoba<\/li>\n<li><i class=\"sui sui-circle\" style=\"color:#886818\"><\/i> Pokoj se soci\u00e1ln\u00edm za\u0159\u00edzen\u00edm na pokoji &#8211; 350,- K\u010d\/noc\/osoba &#8211; d\u00edt\u011b do 12 let<\/li>\n<li><i class=\"sui sui-circle\" style=\"color:#886818\"><\/i> Pokoj se soci\u00e1ln\u00edm za\u0159\u00edzen\u00edm na pokoji &#8211; 780,-K\u010d\/noc &#8211; p\u0159i obsazen\u00ed pokoje jednou osobou.<br \/>\n<hr>\n<p>Pokoje se spole\u010dnou koupelnou se sprchov\u00fdm koutem na pat\u0159e:<\/li>\n<li><i class=\"sui sui-circle\" style=\"color:#886818\"><\/i> Pokoj se spole\u010dn\u00fdm soci\u00e1ln\u00edm za\u0159\u00edzen\u00ed na pat\u0159e &#8211; 450,- K\u010d\/noc\/osoba &#8211; dosp\u011bl\u00e1 osoba<\/li>\n<li><i class=\"sui sui-circle\" style=\"color:#886818\"><\/i> Pokoj se spole\u010dn\u00fdm soci\u00e1ln\u00edm za\u0159\u00edzen\u00ed na pat\u0159e &#8211; 280,- K\u010d\/noc\/osoba &#8211; d\u00edt\u011b do 12 let<\/li>\n<li><i class=\"sui sui-circle\" style=\"color:#886818\"><\/i> Pokoj se spol. soci\u00e1ln\u00edm za\u0159\u00edzen\u00edm na pat\u0159e &#8211; 650,- K\u010d\/noc &#8211; p\u0159i obsazen\u00ed pokoje jednou osobou.<br \/>\n<hr>\n<p>Pro v\u0161echny typy pokoj\u016f je mo\u017enost :<\/li>\n<li><i class=\"sui sui-circle\" style=\"color:#886818\"><\/i> D\u011bti do 3 let bez n\u00e1roku na l\u016f\u017eko &#8211; zdarma<\/li>\n<li><i class=\"sui sui-circle\" style=\"color:#886818\"><\/i> D\u011bti od 3 let bez n\u00e1roku na l\u016f\u017eko poplatek &#8211;&nbsp; 100,- K\u010d<\/li>\n<li><i class=\"sui sui-circle\" style=\"color:#886818\"><\/i> Sn\u00eddan\u011b kontinent\u00e1ln\u00edho typu &#8211; 120,- K\u010d\/osobu<\/li>\n<li><i class=\"sui sui-circle\" style=\"color:#886818\"><\/i> Zap\u016fj\u010den\u00ed d\u011btsk\u00e9 post\u00fdlky s l\u016f\u017ekovinami &#8211; 100,- K\u010d\/den<\/li>\n<li><i class=\"sui sui-circle\" style=\"color:#886818\"><\/i> Such\u00e1 sauna 90min &#8211; 450,- K\u010d<br \/>\n<hr>\n<p>K ubytov\u00e1n\u00ed je p\u0159ipo\u010d\u00edt\u00e1n ubytovac\u00ed poplatek obci &#8211; 5,-K\u010d\/den .<\/p>\n<h5>(Zm\u011bna cen vyhrzena &#8211; pro aktu\u00e1ln\u00ed ceny se v\u017edy informujte)<\/h5>\n<\/li>\n<\/ul>\n<\/div>\n<style type=\"text\/css\">\r\n\t#foogallery-gallery-85 .fg-image {\r\n        width: 80px;\r\n    }\r\n<\/style>\r\n\t\t\t\t<div class=\"foogallery foogallery-container foogallery-default foogallery-lightbox-foobox-free fg-gutter-10 fg-center fg-default fg-light fg-round-small fg-loading-default fg-loaded-fade-in fg-caption-hover fg-hover-fade fg-hover-zoom fg-ready\" id=\"foogallery-gallery-85\" data-foogallery=\"{&quot;item&quot;:{&quot;showCaptionTitle&quot;:true,&quot;showCaptionDescription&quot;:true},&quot;lazy&quot;:true}\" >\r\n\t<div class=\"fg-item fg-type-image fg-idle\"><figure class=\"fg-item-inner\"><a href=\"https:\/\/www.carodejky.eu\/wp-content\/uploads\/2015\/05\/kveten-penzion-039.jpeg\" data-attachment-id=\"86\" class=\"fg-thumb\"><span class=\"fg-image-wrap\"><img width=\"80\" height=\"80\" class=\"skip-lazy fg-image\" data-src-fg=\"https:\/\/www.carodejky.eu\/wp-content\/uploads\/cache\/2015\/05\/kveten-penzion-039\/482567506.jpeg\" src=\"data:image\/svg+xml,%3Csvg%20xmlns%3D%22http%3A%2F%2Fwww.w3.org%2F2000%2Fsvg%22%20width%3D%2280%22%20height%3D%2280%22%20viewBox%3D%220%200%2080%2080%22%3E%3C%2Fsvg%3E\" loading=\"eager\"><\/span><span class=\"fg-image-overlay\"><\/span><\/a><figcaption class=\"fg-caption\"><div class=\"fg-caption-inner\"><\/div><\/figcaption><\/figure><div class=\"fg-loader\"><\/div><\/div><div class=\"fg-item fg-type-image fg-idle\"><figure class=\"fg-item-inner\"><a href=\"https:\/\/www.carodejky.eu\/wp-content\/uploads\/2015\/05\/kveten-penzion-044.jpeg\" data-attachment-id=\"87\" class=\"fg-thumb\"><span class=\"fg-image-wrap\"><img width=\"80\" height=\"80\" class=\"skip-lazy fg-image\" data-src-fg=\"https:\/\/www.carodejky.eu\/wp-content\/uploads\/cache\/2015\/05\/kveten-penzion-044\/4291481040.jpeg\" src=\"data:image\/svg+xml,%3Csvg%20xmlns%3D%22http%3A%2F%2Fwww.w3.org%2F2000%2Fsvg%22%20width%3D%2280%22%20height%3D%2280%22%20viewBox%3D%220%200%2080%2080%22%3E%3C%2Fsvg%3E\" loading=\"eager\"><\/span><span class=\"fg-image-overlay\"><\/span><\/a><figcaption class=\"fg-caption\"><div class=\"fg-caption-inner\"><\/div><\/figcaption><\/figure><div class=\"fg-loader\"><\/div><\/div><div class=\"fg-item fg-type-image fg-idle\"><figure class=\"fg-item-inner\"><a href=\"https:\/\/www.carodejky.eu\/wp-content\/uploads\/2015\/05\/kveten-penzion-045.jpeg\" data-attachment-id=\"88\" class=\"fg-thumb\"><span class=\"fg-image-wrap\"><img width=\"80\" height=\"80\" class=\"skip-lazy fg-image\" data-src-fg=\"https:\/\/www.carodejky.eu\/wp-content\/uploads\/cache\/2015\/05\/kveten-penzion-045\/3220422768.jpeg\" src=\"data:image\/svg+xml,%3Csvg%20xmlns%3D%22http%3A%2F%2Fwww.w3.org%2F2000%2Fsvg%22%20width%3D%2280%22%20height%3D%2280%22%20viewBox%3D%220%200%2080%2080%22%3E%3C%2Fsvg%3E\" loading=\"eager\"><\/span><span class=\"fg-image-overlay\"><\/span><\/a><figcaption class=\"fg-caption\"><div class=\"fg-caption-inner\"><\/div><\/figcaption><\/figure><div class=\"fg-loader\"><\/div><\/div><div class=\"fg-item fg-type-image fg-idle\"><figure class=\"fg-item-inner\"><a href=\"https:\/\/www.carodejky.eu\/wp-content\/uploads\/2015\/05\/kveten-penzion-046.jpeg\" data-attachment-id=\"89\" class=\"fg-thumb\"><span class=\"fg-image-wrap\"><img width=\"80\" height=\"80\" class=\"skip-lazy fg-image\" data-src-fg=\"https:\/\/www.carodejky.eu\/wp-content\/uploads\/cache\/2015\/05\/kveten-penzion-046\/1994696729.jpeg\" src=\"data:image\/svg+xml,%3Csvg%20xmlns%3D%22http%3A%2F%2Fwww.w3.org%2F2000%2Fsvg%22%20width%3D%2280%22%20height%3D%2280%22%20viewBox%3D%220%200%2080%2080%22%3E%3C%2Fsvg%3E\" loading=\"eager\"><\/span><span class=\"fg-image-overlay\"><\/span><\/a><figcaption class=\"fg-caption\"><div class=\"fg-caption-inner\"><\/div><\/figcaption><\/figure><div class=\"fg-loader\"><\/div><\/div><div class=\"fg-item fg-type-image fg-idle\"><figure class=\"fg-item-inner\"><a href=\"https:\/\/www.carodejky.eu\/wp-content\/uploads\/2015\/05\/kveten-penzion-047.jpeg\" data-attachment-id=\"90\" class=\"fg-thumb\"><span class=\"fg-image-wrap\"><img width=\"80\" height=\"80\" class=\"skip-lazy fg-image\" data-src-fg=\"https:\/\/www.carodejky.eu\/wp-content\/uploads\/cache\/2015\/05\/kveten-penzion-047\/2810388741.jpeg\" src=\"data:image\/svg+xml,%3Csvg%20xmlns%3D%22http%3A%2F%2Fwww.w3.org%2F2000%2Fsvg%22%20width%3D%2280%22%20height%3D%2280%22%20viewBox%3D%220%200%2080%2080%22%3E%3C%2Fsvg%3E\" loading=\"eager\"><\/span><span class=\"fg-image-overlay\"><\/span><\/a><figcaption class=\"fg-caption\"><div class=\"fg-caption-inner\"><\/div><\/figcaption><\/figure><div class=\"fg-loader\"><\/div><\/div><div class=\"fg-item fg-type-image fg-idle\"><figure class=\"fg-item-inner\"><a href=\"https:\/\/www.carodejky.eu\/wp-content\/uploads\/2015\/05\/kveten-penzion-038.jpeg\" data-attachment-id=\"91\" class=\"fg-thumb\"><span class=\"fg-image-wrap\"><img width=\"80\" height=\"80\" class=\"skip-lazy fg-image\" data-src-fg=\"https:\/\/www.carodejky.eu\/wp-content\/uploads\/cache\/2015\/05\/kveten-penzion-038\/1786552577.jpeg\" src=\"data:image\/svg+xml,%3Csvg%20xmlns%3D%22http%3A%2F%2Fwww.w3.org%2F2000%2Fsvg%22%20width%3D%2280%22%20height%3D%2280%22%20viewBox%3D%220%200%2080%2080%22%3E%3C%2Fsvg%3E\" loading=\"eager\"><\/span><span class=\"fg-image-overlay\"><\/span><\/a><figcaption class=\"fg-caption\"><div class=\"fg-caption-inner\"><\/div><\/figcaption><\/figure><div class=\"fg-loader\"><\/div><\/div><div class=\"fg-item fg-type-image fg-idle\"><figure class=\"fg-item-inner\"><a href=\"https:\/\/www.carodejky.eu\/wp-content\/uploads\/2015\/05\/Biskoupky-074.jpg\" data-attachment-id=\"92\" class=\"fg-thumb\"><span class=\"fg-image-wrap\"><img width=\"80\" height=\"80\" class=\"skip-lazy fg-image\" data-src-fg=\"https:\/\/www.carodejky.eu\/wp-content\/uploads\/cache\/2015\/05\/Biskoupky-074\/731667311.jpg\" src=\"data:image\/svg+xml,%3Csvg%20xmlns%3D%22http%3A%2F%2Fwww.w3.org%2F2000%2Fsvg%22%20width%3D%2280%22%20height%3D%2280%22%20viewBox%3D%220%200%2080%2080%22%3E%3C%2Fsvg%3E\" loading=\"eager\"><\/span><span class=\"fg-image-overlay\"><\/span><\/a><figcaption class=\"fg-caption\"><div class=\"fg-caption-inner\"><\/div><\/figcaption><\/figure><div class=\"fg-loader\"><\/div><\/div><div class=\"fg-item fg-type-image fg-idle\"><figure class=\"fg-item-inner\"><a href=\"https:\/\/www.carodejky.eu\/wp-content\/uploads\/2015\/05\/Biskoupky-073.jpg\" data-attachment-id=\"93\" class=\"fg-thumb\"><span class=\"fg-image-wrap\"><img width=\"80\" height=\"80\" class=\"skip-lazy fg-image\" data-src-fg=\"https:\/\/www.carodejky.eu\/wp-content\/uploads\/cache\/2015\/05\/Biskoupky-073\/237450863.jpg\" src=\"data:image\/svg+xml,%3Csvg%20xmlns%3D%22http%3A%2F%2Fwww.w3.org%2F2000%2Fsvg%22%20width%3D%2280%22%20height%3D%2280%22%20viewBox%3D%220%200%2080%2080%22%3E%3C%2Fsvg%3E\" loading=\"eager\"><\/span><span class=\"fg-image-overlay\"><\/span><\/a><figcaption class=\"fg-caption\"><div class=\"fg-caption-inner\"><\/div><\/figcaption><\/figure><div class=\"fg-loader\"><\/div><\/div><\/div>\r\n\n","protected":false},"excerpt":{"rendered":"<p>Pro na\u0161e hosty je p\u0159ipraveno p\u0159\u00edjemn\u00e9 ubytov\u00e1n\u00ed ve dvan\u00e1cti, v\u00fdzdobou a barevn\u011b odli\u0161en\u00fdch pokoj\u00edch. Ka\u017ed\u00fd pokoj je opat\u0159en digit\u00e1ln\u00ed TV. V pat\u0159e s pokoji je mo\u017eno vyu\u017e\u00edvat velikou spole\u010denskou m\u00edstnost s TV, kule\u010dn\u00edkem, hra\u010dky pro mal\u00e9 d\u011bti, spole\u010dn\u00e1 ledni\u010dka, mal\u00e1 posilovna. V p\u0159\u00edpad\u011b p\u011bkn\u00e9ho po\u010das\u00ed je k dispozici v cen\u011b \u2026<\/p>\n<p> <a class=\"continue-reading-link\" href=\"https:\/\/www.carodejky.eu\/index.php\/ubytovani\/\">Pokra\u010duj zde&#8230;<i class=\"icon-right-dir\"><\/i><\/a><\/p>\n","protected":false},"author":1,"featured_media":0,"parent":0,"menu_order":0,"comment_status":"closed","ping_status":"closed","template":"","meta":[],"_links":{"self":[{"href":"https:\/\/www.carodejky.eu\/index.php\/wp-json\/wp\/v2\/pages\/13"}],"collection":[{"href":"https:\/\/www.carodejky.eu\/index.php\/wp-json\/wp\/v2\/pages"}],"about":[{"href":"https:\/\/www.carodejky.eu\/index.php\/wp-json\/wp\/v2\/types\/page"}],"author":[{"embeddable":true,"href":"https:\/\/www.carodejky.eu\/index.php\/wp-json\/wp\/v2\/users\/1"}],"replies":[{"embeddable":true,"href":"https:\/\/www.carodejky.eu\/index.php\/wp-json\/wp\/v2\/comments?post=13"}],"version-history":[{"count":46,"href":"https:\/\/www.carodejky.eu\/index.php\/wp-json\/wp\/v2\/pages\/13\/revisions"}],"predecessor-version":[{"id":670,"href":"https:\/\/www.carodejky.eu\/index.php\/wp-json\/wp\/v2\/pages\/13\/revisions\/670"}],"wp:attachment":[{"href":"https:\/\/www.carodejky.eu\/index.php\/wp-json\/wp\/v2\/media?parent=13"}],"curies":[{"name":"wp","href":"https:\/\/api.w.org\/{rel}","templated":true}]}}