{"id":15,"date":"2015-05-28T09:06:42","date_gmt":"2015-05-28T08:06:42","guid":{"rendered":"http:\/\/localhost\/zoopark\/?page_id=15"},"modified":"2024-02-20T18:27:55","modified_gmt":"2024-02-20T17:27:55","slug":"zviratka","status":"publish","type":"page","link":"https:\/\/www.carodejky.eu\/index.php\/zviratka\/","title":{"rendered":"Zv\u00ed\u0159\u00e1tka"},"content":{"rendered":"<p style=\"text-align: left;\"><img loading=\"lazy\" class=\"aligncenter size-full wp-image-117\" src=\"\/wp-content\/uploads\/2015\/05\/zvirata1.png\" alt=\"zvirata\" width=\"932\" height=\"147\" srcset=\"https:\/\/www.carodejky.eu\/wp-content\/uploads\/2015\/05\/zvirata1.png 932w, https:\/\/www.carodejky.eu\/wp-content\/uploads\/2015\/05\/zvirata1-300x47.png 300w, https:\/\/www.carodejky.eu\/wp-content\/uploads\/2015\/05\/zvirata1-250x39.png 250w, https:\/\/www.carodejky.eu\/wp-content\/uploads\/2015\/05\/zvirata1-150x24.png 150w\" sizes=\"(max-width: 932px) 100vw, 932px\" \/><strong>V na\u0161em are\u00e1lu chov\u00e1me mnoho druh\u016f zv\u00ed\u0159at, a\u0165 u\u017e dom\u00e1c\u00edch tak i exotick\u00fdch, kter\u00fdm se sna\u017e\u00edme dop\u0159\u00e1vat tu nejlep\u0161\u00ed p\u00e9\u010di. <\/strong><br \/>\n<strong>Chov\u00e1me:<\/strong><br \/>\n<div class=\"ezcol ezcol-one-quarter\"><span style=\"color: #000000;\"><b>\u00a0<\/b><\/span><\/div> <div class=\"ezcol ezcol-one-quarter\">\n<p style=\"text-align: left;\"><div class=\"su-list\" style=\"margin-left:0px\">\n<ul>\n<li><i class=\"sui sui-ge\" style=\"color:#d2cbba\"><\/i> Ara ararauna<\/li>\n<li><i class=\"sui sui-ge\" style=\"color:#d2cbba\"><\/i> Agapornis Fischer\u016fv<\/li>\n<li><i class=\"sui sui-ge\" style=\"color:#d2cbba\"><\/i> P\u00e1v<\/li>\n<li><i class=\"sui sui-ge\" style=\"color:#d2cbba\"><\/i> Dikobraz srstnatonos\u00fd<\/li>\n<li><i class=\"sui sui-ge\" style=\"color:#d2cbba\"><\/i> Kachni\u010dka Mandar\u00ednsk\u00e1<\/li>\n<li><i class=\"sui sui-ge\" style=\"color:#d2cbba\"><\/i> Kachni\u010dka Karol\u00ednsk\u00e1<\/li>\n<li><i class=\"sui sui-ge\" style=\"color:#d2cbba\"><\/i> \u017dako \u0161ed\u00fd<\/li>\n<li><i class=\"sui sui-ge\" style=\"color:#d2cbba\"><\/i> Mara stepn\u00ed<\/li>\n<li><i class=\"sui sui-ge\" style=\"color:#d2cbba\"><\/i> Surikaty<\/li>\n<li><i class=\"sui sui-ge\" style=\"color:#d2cbba\"><\/i> Osel<\/li>\n<li><i class=\"sui sui-ge\" style=\"color:#d2cbba\"><\/i> Papou\u0161ek n\u00e1dhern\u00fd<\/li>\n<li><i class=\"sui sui-ge\" style=\"color:#d2cbba\"><\/i> Korela<\/li>\n<\/ul>\n<p style=\"text-align: left;\"><\/div>\n<p style=\"text-align: left;\"><\/div> <div class=\"ezcol ezcol-one-quarter\">\n<p style=\"text-align: left;\"><div class=\"su-list\" style=\"margin-left:0px\">\n<ul>\n<li><i class=\"sui sui-ge\" style=\"color:#d2cbba\"><\/i> Klokan Bennet\u016fv<\/li>\n<li><i class=\"sui sui-ge\" style=\"color:#d2cbba\"><\/i> Ovce kamer\u016fnsk\u00e9<\/li>\n<li><i class=\"sui sui-ge\" style=\"color:#d2cbba\"><\/i> M\u00fdval severn\u00ed<\/li>\n<li><i class=\"sui sui-ge\" style=\"color:#d2cbba\"><\/i> Nos\u00e1l \u010derven\u00fd<\/li>\n<li><i class=\"sui sui-ge\" style=\"color:#d2cbba\"><\/i> Tamar\u00edn \u017elutoruk\u00fd<\/li>\n<li><i class=\"sui sui-ge\" style=\"color:#d2cbba\"><\/i> Mor\u010data<\/li>\n<li><i class=\"sui sui-ge\" style=\"color:#d2cbba\"><\/i> Psoun pr\u00e9riov\u00fd<\/li>\n<li><i class=\"sui sui-ge\" style=\"color:#d2cbba\"><\/i> Koza dom\u00e1c\u00ed<\/li>\n<li><i class=\"sui sui-ge\" style=\"color:#d2cbba\"><\/i> Kr\u00e1l\u00edk dom\u00e1c\u00ed<\/li>\n<li><i class=\"sui sui-ge\" style=\"color:#d2cbba\"><\/i> Kon\u011b<\/li>\n<li><i class=\"sui sui-ge\" style=\"color:#d2cbba\"><\/i> Rozela penant<\/li>\n<li><i class=\"sui sui-ge\" style=\"color:#d2cbba\"><\/i> Andulka vlnkovan\u00e1<\/li>\n<\/ul>\n<p style=\"text-align: left;\"><\/div>\n<p style=\"text-align: left;\"><\/div> <div class=\"ezcol ezcol-one-quarter ezcol-last\"><\/div><div class=\"ezcol-divider\"><\/div>\n<p style=\"text-align: left;\">\n<h2 style=\"text-align: center;\"><strong><em>P\u0159ij\u010fte i Vy se na n\u011b pod\u00edvat.<\/em><\/strong><\/h2>\n<style type=\"text\/css\">\r\n\t#foogallery-gallery-95 .fg-image {\r\n        width: 80px;\r\n    }\r\n<\/style>\r\n\t\t\t\t<div class=\"foogallery foogallery-container foogallery-default foogallery-lightbox-foobox-free fg-gutter-10 fg-center fg-default fg-light fg-round-small fg-loading-default fg-loaded-fade-in fg-caption-hover fg-hover-fade fg-hover-zoom fg-ready\" id=\"foogallery-gallery-95\" data-foogallery=\"{&quot;item&quot;:{&quot;showCaptionTitle&quot;:true,&quot;showCaptionDescription&quot;:true},&quot;lazy&quot;:true}\" >\r\n\t<div class=\"fg-item fg-type-image fg-idle\"><figure class=\"fg-item-inner\"><a href=\"https:\/\/www.carodejky.eu\/wp-content\/uploads\/2015\/05\/9.5.2011-016.jpg\" data-attachment-id=\"97\" class=\"fg-thumb\"><span class=\"fg-image-wrap\"><img width=\"80\" height=\"80\" class=\"skip-lazy fg-image\" data-src-fg=\"https:\/\/www.carodejky.eu\/wp-content\/uploads\/cache\/2015\/05\/9_5_2011-016\/2400624424.jpg\" src=\"data:image\/svg+xml,%3Csvg%20xmlns%3D%22http%3A%2F%2Fwww.w3.org%2F2000%2Fsvg%22%20width%3D%2280%22%20height%3D%2280%22%20viewBox%3D%220%200%2080%2080%22%3E%3C%2Fsvg%3E\" loading=\"eager\"><\/span><span class=\"fg-image-overlay\"><\/span><\/a><figcaption class=\"fg-caption\"><div class=\"fg-caption-inner\"><\/div><\/figcaption><\/figure><div class=\"fg-loader\"><\/div><\/div><div class=\"fg-item fg-type-image fg-idle\"><figure class=\"fg-item-inner\"><a href=\"https:\/\/www.carodejky.eu\/wp-content\/uploads\/2015\/05\/9.5.2011-023.jpg\" data-attachment-id=\"98\" class=\"fg-thumb\"><span class=\"fg-image-wrap\"><img width=\"80\" height=\"80\" class=\"skip-lazy fg-image\" data-src-fg=\"https:\/\/www.carodejky.eu\/wp-content\/uploads\/cache\/2015\/05\/9_5_2011-023\/32802525.jpg\" src=\"data:image\/svg+xml,%3Csvg%20xmlns%3D%22http%3A%2F%2Fwww.w3.org%2F2000%2Fsvg%22%20width%3D%2280%22%20height%3D%2280%22%20viewBox%3D%220%200%2080%2080%22%3E%3C%2Fsvg%3E\" loading=\"eager\"><\/span><span class=\"fg-image-overlay\"><\/span><\/a><figcaption class=\"fg-caption\"><div class=\"fg-caption-inner\"><\/div><\/figcaption><\/figure><div class=\"fg-loader\"><\/div><\/div><div class=\"fg-item fg-type-image fg-idle\"><figure class=\"fg-item-inner\"><a href=\"https:\/\/www.carodejky.eu\/wp-content\/uploads\/2015\/05\/duben-2015-035.jpg\" data-attachment-id=\"100\" class=\"fg-thumb\"><span class=\"fg-image-wrap\"><img width=\"80\" height=\"80\" class=\"skip-lazy fg-image\" data-src-fg=\"https:\/\/www.carodejky.eu\/wp-content\/uploads\/cache\/2015\/05\/duben-2015-035\/3040207169.jpg\" src=\"data:image\/svg+xml,%3Csvg%20xmlns%3D%22http%3A%2F%2Fwww.w3.org%2F2000%2Fsvg%22%20width%3D%2280%22%20height%3D%2280%22%20viewBox%3D%220%200%2080%2080%22%3E%3C%2Fsvg%3E\" loading=\"eager\"><\/span><span class=\"fg-image-overlay\"><\/span><\/a><figcaption class=\"fg-caption\"><div class=\"fg-caption-inner\"><\/div><\/figcaption><\/figure><div class=\"fg-loader\"><\/div><\/div><div class=\"fg-item fg-type-image fg-idle\"><figure class=\"fg-item-inner\"><a href=\"https:\/\/www.carodejky.eu\/wp-content\/uploads\/2015\/05\/duben-2015-087.jpg\" data-attachment-id=\"101\" class=\"fg-thumb\"><span class=\"fg-image-wrap\"><img width=\"80\" height=\"80\" class=\"skip-lazy fg-image\" data-src-fg=\"https:\/\/www.carodejky.eu\/wp-content\/uploads\/cache\/2015\/05\/duben-2015-087\/285322821.jpg\" src=\"data:image\/svg+xml,%3Csvg%20xmlns%3D%22http%3A%2F%2Fwww.w3.org%2F2000%2Fsvg%22%20width%3D%2280%22%20height%3D%2280%22%20viewBox%3D%220%200%2080%2080%22%3E%3C%2Fsvg%3E\" loading=\"eager\"><\/span><span class=\"fg-image-overlay\"><\/span><\/a><figcaption class=\"fg-caption\"><div class=\"fg-caption-inner\"><\/div><\/figcaption><\/figure><div class=\"fg-loader\"><\/div><\/div><div class=\"fg-item fg-type-image fg-idle\"><figure class=\"fg-item-inner\"><a href=\"https:\/\/www.carodejky.eu\/wp-content\/uploads\/2015\/05\/duben-2015-089.jpg\" data-attachment-id=\"102\" class=\"fg-thumb\"><span class=\"fg-image-wrap\"><img width=\"80\" height=\"80\" class=\"skip-lazy fg-image\" data-src-fg=\"https:\/\/www.carodejky.eu\/wp-content\/uploads\/cache\/2015\/05\/duben-2015-089\/2823210907.jpg\" src=\"data:image\/svg+xml,%3Csvg%20xmlns%3D%22http%3A%2F%2Fwww.w3.org%2F2000%2Fsvg%22%20width%3D%2280%22%20height%3D%2280%22%20viewBox%3D%220%200%2080%2080%22%3E%3C%2Fsvg%3E\" loading=\"eager\"><\/span><span class=\"fg-image-overlay\"><\/span><\/a><figcaption class=\"fg-caption\"><div class=\"fg-caption-inner\"><\/div><\/figcaption><\/figure><div class=\"fg-loader\"><\/div><\/div><div class=\"fg-item fg-type-image fg-idle\"><figure class=\"fg-item-inner\"><a href=\"https:\/\/www.carodejky.eu\/wp-content\/uploads\/2015\/05\/alexandr.jpg\" data-attachment-id=\"107\" class=\"fg-thumb\"><span class=\"fg-image-wrap\"><img width=\"80\" height=\"80\" class=\"skip-lazy fg-image\" data-src-fg=\"https:\/\/www.carodejky.eu\/wp-content\/uploads\/cache\/2015\/05\/alexandr\/2846155166.jpg\" src=\"data:image\/svg+xml,%3Csvg%20xmlns%3D%22http%3A%2F%2Fwww.w3.org%2F2000%2Fsvg%22%20width%3D%2280%22%20height%3D%2280%22%20viewBox%3D%220%200%2080%2080%22%3E%3C%2Fsvg%3E\" loading=\"eager\"><\/span><span class=\"fg-image-overlay\"><\/span><\/a><figcaption class=\"fg-caption\"><div class=\"fg-caption-inner\"><\/div><\/figcaption><\/figure><div class=\"fg-loader\"><\/div><\/div><div class=\"fg-item fg-type-image fg-idle\"><figure class=\"fg-item-inner\"><a href=\"https:\/\/www.carodejky.eu\/wp-content\/uploads\/2015\/05\/alexandr.jpeg\" data-attachment-id=\"108\" class=\"fg-thumb\"><span class=\"fg-image-wrap\"><img width=\"80\" height=\"80\" class=\"skip-lazy fg-image\" data-src-fg=\"https:\/\/www.carodejky.eu\/wp-content\/uploads\/cache\/2015\/05\/alexandr\/3498174504.jpeg\" src=\"data:image\/svg+xml,%3Csvg%20xmlns%3D%22http%3A%2F%2Fwww.w3.org%2F2000%2Fsvg%22%20width%3D%2280%22%20height%3D%2280%22%20viewBox%3D%220%200%2080%2080%22%3E%3C%2Fsvg%3E\" loading=\"eager\"><\/span><span class=\"fg-image-overlay\"><\/span><\/a><figcaption class=\"fg-caption\"><div class=\"fg-caption-inner\"><\/div><\/figcaption><\/figure><div class=\"fg-loader\"><\/div><\/div><div class=\"fg-item fg-type-image fg-idle\"><figure class=\"fg-item-inner\"><a href=\"https:\/\/www.carodejky.eu\/wp-content\/uploads\/2015\/05\/nosal.jpeg\" data-attachment-id=\"109\" class=\"fg-thumb\"><span class=\"fg-image-wrap\"><img width=\"80\" height=\"80\" class=\"skip-lazy fg-image\" data-src-fg=\"https:\/\/www.carodejky.eu\/wp-content\/uploads\/cache\/2015\/05\/nosal\/485164480.jpeg\" src=\"data:image\/svg+xml,%3Csvg%20xmlns%3D%22http%3A%2F%2Fwww.w3.org%2F2000%2Fsvg%22%20width%3D%2280%22%20height%3D%2280%22%20viewBox%3D%220%200%2080%2080%22%3E%3C%2Fsvg%3E\" loading=\"eager\"><\/span><span class=\"fg-image-overlay\"><\/span><\/a><figcaption class=\"fg-caption\"><div class=\"fg-caption-inner\"><\/div><\/figcaption><\/figure><div class=\"fg-loader\"><\/div><\/div><\/div>\r\n\n<p style=\"text-align: left;\">\n","protected":false},"excerpt":{"rendered":"<p>V na\u0161em are\u00e1lu chov\u00e1me mnoho druh\u016f zv\u00ed\u0159at, a\u0165 u\u017e dom\u00e1c\u00edch tak i exotick\u00fdch, kter\u00fdm se sna\u017e\u00edme dop\u0159\u00e1vat tu nejlep\u0161\u00ed p\u00e9\u010di. Chov\u00e1me: P\u0159ij\u010fte i Vy se na n\u011b pod\u00edvat.<\/p>\n","protected":false},"author":1,"featured_media":0,"parent":0,"menu_order":0,"comment_status":"closed","ping_status":"closed","template":"","meta":[],"_links":{"self":[{"href":"https:\/\/www.carodejky.eu\/index.php\/wp-json\/wp\/v2\/pages\/15"}],"collection":[{"href":"https:\/\/www.carodejky.eu\/index.php\/wp-json\/wp\/v2\/pages"}],"about":[{"href":"https:\/\/www.carodejky.eu\/index.php\/wp-json\/wp\/v2\/types\/page"}],"author":[{"embeddable":true,"href":"https:\/\/www.carodejky.eu\/index.php\/wp-json\/wp\/v2\/users\/1"}],"replies":[{"embeddable":true,"href":"https:\/\/www.carodejky.eu\/index.php\/wp-json\/wp\/v2\/comments?post=15"}],"version-history":[{"count":10,"href":"https:\/\/www.carodejky.eu\/index.php\/wp-json\/wp\/v2\/pages\/15\/revisions"}],"predecessor-version":[{"id":672,"href":"https:\/\/www.carodejky.eu\/index.php\/wp-json\/wp\/v2\/pages\/15\/revisions\/672"}],"wp:attachment":[{"href":"https:\/\/www.carodejky.eu\/index.php\/wp-json\/wp\/v2\/media?parent=15"}],"curies":[{"name":"wp","href":"https:\/\/api.w.org\/{rel}","templated":true}]}}