{"id":2,"date":"2015-05-24T22:14:25","date_gmt":"2015-05-24T21:14:25","guid":{"rendered":"http:\/\/localhost\/zoopark\/?page_id=2"},"modified":"2024-02-20T18:33:22","modified_gmt":"2024-02-20T17:33:22","slug":"eshop","status":"publish","type":"page","link":"https:\/\/www.carodejky.eu\/index.php\/eshop\/","title":{"rendered":"E-Shop"},"content":{"rendered":"\n<h2>v p\u0159\u00edprav\u011b<\/h2>\n","protected":false},"excerpt":{"rendered":"<p>v p\u0159\u00edprav\u011b<\/p>\n","protected":false},"author":1,"featured_media":0,"parent":0,"menu_order":0,"comment_status":"closed","ping_status":"open","template":"","meta":[],"_links":{"self":[{"href":"https:\/\/www.carodejky.eu\/index.php\/wp-json\/wp\/v2\/pages\/2"}],"collection":[{"href":"https:\/\/www.carodejky.eu\/index.php\/wp-json\/wp\/v2\/pages"}],"about":[{"href":"https:\/\/www.carodejky.eu\/index.php\/wp-json\/wp\/v2\/types\/page"}],"author":[{"embeddable":true,"href":"https:\/\/www.carodejky.eu\/index.php\/wp-json\/wp\/v2\/users\/1"}],"replies":[{"embeddable":true,"href":"https:\/\/www.carodejky.eu\/index.php\/wp-json\/wp\/v2\/comments?post=2"}],"version-history":[{"count":3,"href":"https:\/\/www.carodejky.eu\/index.php\/wp-json\/wp\/v2\/pages\/2\/revisions"}],"predecessor-version":[{"id":676,"href":"https:\/\/www.carodejky.eu\/index.php\/wp-json\/wp\/v2\/pages\/2\/revisions\/676"}],"wp:attachment":[{"href":"https:\/\/www.carodejky.eu\/index.php\/wp-json\/wp\/v2\/media?parent=2"}],"curies":[{"name":"wp","href":"https:\/\/api.w.org\/{rel}","templated":true}]}}