{"id":22,"date":"2015-05-28T09:07:43","date_gmt":"2015-05-28T08:07:43","guid":{"rendered":"http:\/\/localhost\/zoopark\/?page_id=22"},"modified":"2015-06-02T19:59:32","modified_gmt":"2015-06-02T18:59:32","slug":"biskoupky-a-okoli","status":"publish","type":"page","link":"https:\/\/www.carodejky.eu\/index.php\/biskoupky-a-okoli\/","title":{"rendered":"Biskoupky a okol\u00ed"},"content":{"rendered":"<p style=\"text-align: left;\"><img loading=\"lazy\" class=\"aligncenter size-full wp-image-122\" src=\"\/wp-content\/uploads\/2015\/05\/okoli.png\" alt=\"\" width=\"920\" height=\"150\" srcset=\"https:\/\/www.carodejky.eu\/wp-content\/uploads\/2015\/05\/okoli.png 920w, https:\/\/www.carodejky.eu\/wp-content\/uploads\/2015\/05\/okoli-300x49.png 300w, https:\/\/www.carodejky.eu\/wp-content\/uploads\/2015\/05\/okoli-250x41.png 250w, https:\/\/www.carodejky.eu\/wp-content\/uploads\/2015\/05\/okoli-150x24.png 150w\" sizes=\"(max-width: 920px) 100vw, 920px\" \/><\/p>\n<p style=\"text-align: left;\">N\u00e1\u0161 penzion je um\u00edst\u011bn\u00fd v obci <a class=\"em_text\" href=\"http:\/\/www.biskoupky.cz\/\" target=\"_new\">Biskoupky<\/a>, kter\u00e9 jsou tak\u00e9 rodi\u0161t\u011bm b\u00e1sn\u00edka Vit\u011bzslava Nezvala.<br \/>\nPro milovn\u00edky p\u0159\u00edrody a turistiky le\u017e\u00ed n\u00e1\u0161 penzion v bl\u00edzkosti n\u00e1dhern\u00e9 p\u0159\u00edrodn\u00ed krajiny tvo\u0159enou p\u0159\u00edrodn\u00edm parkem St\u0159edn\u00ed Pojihlav\u00ed a tak\u00e9 dv\u011bmi p\u0159\u00edrodn\u00edmi rezervacemi &#8211; <a class=\"em_text\" href=\"http:\/\/www.turistika.cz\/mista\/biskoupska-hadcova-step-prirodni-pamatka--1\" target=\"_new\">Biskoupsk\u00e1 hadcov\u00e1 step<\/a> a <a class=\"em_text\" href=\"http:\/\/cs.wikipedia.org\/wiki\/Biskoupsk\u00fd_kopec\" target=\"_new\">Biskoupsk\u00fd kopec<\/a>. V bl\u00edzkosti je tak\u00e9 poz\u016fstatek hradu ze 13. stolet\u00ed postaven\u00fd \u0159\u00e1dem templa\u0159sk\u00fdch ryt\u00ed\u0159\u016f, naz\u00fdv\u00e1n\u00fd <a class=\"em_text\" href=\"http:\/\/www.turistika.cz\/cestopisy\/templstejn-hrad-ktery-nebyl-nikdy-dobyt\" target=\"_new\">Templ\u0161tejn<\/a> o kter\u00e9m se mluv\u00ed jako o hradu, kter\u00fd nebyl nikdy dobyt.<\/p>\n<p><strong>Historie Biskoupek:<\/strong><br class=\"none\" \/><em><img loading=\"lazy\" class=\"alignleft size-full wp-image-121\" src=\"\/wp-content\/uploads\/2015\/05\/Biskoupky_Brno_venkov_znak.png\" alt=\"Biskoupky_Brno_venkov_znak\" width=\"150\" height=\"169\" srcset=\"https:\/\/www.carodejky.eu\/wp-content\/uploads\/2015\/05\/Biskoupky_Brno_venkov_znak.png 150w, https:\/\/www.carodejky.eu\/wp-content\/uploads\/2015\/05\/Biskoupky_Brno_venkov_znak-133x150.png 133w\" sizes=\"(max-width: 150px) 100vw, 150px\" \/>Obec Biskoupky se 174 obyvateli se rozkl\u00e1d\u00e1 na 582 ha na lev\u00e9m b\u0159ehu \u0159eky Jihlavy asi osm kilometr\u016f z\u00e1padn\u011b od m\u011bsta Ivan\u010dice.<\/em><br class=\"none\" \/><em>Prvn\u00ed p\u00edsemn\u00e1 zm\u00ednka o obci poch\u00e1z\u00ed z roku 1131 ( pod n\u00e1zvem Biscupici) a do roku 1533 byly Biskoupky l\u00e9nem p\u00e1n\u016f z Lip\u00e9.<\/em><br class=\"none\" \/><em>Biskoupky tvo\u0159\u00ed obdeln\u00edkovou n\u00e1ves, zakon\u010denou pansk\u00fdm dvorem (na v\u00fdchod\u011b). Do roku 1893 byly Biskoupky p\u0159i\u0161koleny do \u0158eznovic. Toho sam\u00e9ho roku vystav\u011bla obec za 9 000 zlat\u00fdch jednot\u0159\u00eddn\u00ed \u0161kolu. Na \u0161kole mimo jin\u00e9 p\u016fsobil i do roku 1903 otec nejzn\u00e1mn\u011bj\u0161\u00edho rod\u00e1ka Biskoupek, spisovatele a b\u00e1sn\u00edka Vit\u011bzslava Nezvala, Bohumil Nezval. V roce 2011 z\u00edskaly Biskoupky ofici\u00e1ln\u011b obecn\u00ed znak, jeho\u017e je autorem M. Fajtl.<\/em><\/p>\n<p><em>Mezi pam\u011btihodnosti obce n\u00e1le\u017e\u00ed:<br \/>\n<\/em><\/p>\n<ul>\n<li><em><em>\u00a0Kaple svat\u00e9ho Petra a Pavla z roku 1840<\/em><\/em><\/li>\n<li>Sm\u00edr\u010d\u00ed k\u00e1men ze 17. stolet\u00ed<\/li>\n<li>Pomn\u00edk pam\u00e1tce padl\u00fdch z 1. sv\u011btov\u00e9 v\u00e1lky<\/li>\n<\/ul>\n<div class=\"su-spoiler su-spoiler-style-fancy su-spoiler-icon-arrow .sez su-spoiler-closed\" data-scroll-offset=\"0\" data-anchor-in-url=\"no\"><div class=\"su-spoiler-title\" tabindex=\"0\" role=\"button\"><span class=\"su-spoiler-icon\"><\/span>P\u011b\u0161\u00ed turistika<\/div><div class=\"su-spoiler-content su-u-clearfix su-u-trim\">Pro milovn\u00edky p\u0159\u00edrody nab\u00edz\u00ed m\u00edstn\u00ed okol\u00ed rozmanit\u00e9 prost\u0159ed\u00ed, pro p\u011b\u0161\u00ed turistiku, m\u00edstn\u00ed stezky tak nab\u00edz\u00ed turistick\u00fd okruh ve St\u0159edn\u00edm Pojihlav\u00ed, kter\u00fd v\u00e1s provede m\u00edstn\u00edmi p\u0159\u00edrodn\u00edmi rezervacemi, p\u0159es dv\u011b fascinuj\u00edc\u00ed skaln\u00ed vyhl\u00eddky a\u017e k mohutn\u00e9 z\u0159\u00edcen\u00edn\u011b hradu Templ\u0161tejn.<br \/>\n<span style=\"text-decoration: underline;\"><strong>P\u0159\u00edrodn\u00ed rezervace:<\/strong><\/span><br \/>\n<em><strong>Biskoupsk\u00e1 hadcov\u00e1 step<\/strong><\/em> \u2013 je p\u0159\u00edrodn\u00ed pam\u00e1tkou od roku 1979, le\u017e\u00ed v nadmo\u0159sk\u00e9 v\u00fd\u0161ce 228 \u2013 270 m. n. m. D\u016fvodem ochrany je skalnat\u00e1 stepn\u00ed str\u00e1\u0148 se vz\u00e1cn\u00fdm rostlinstvem.<br \/>\n<em><strong>Biskoupsk\u00fd kopec<\/strong><\/em> \u2013 se nach\u00e1z\u00ed v nadmo\u0159sk\u00e9 v\u00fd\u0161ce 382 \u2013 387 m. n. m. mezi obcemi Senorady a Biskoupky. Je tvo\u0159ena n\u011bkolika odd\u011blen\u00fdmi plochami teplomiln\u00fdch stepn\u00edch spole\u010denstev a vytv\u00e1\u0159\u00ed jedine\u010dn\u00e9 p\u0159\u00edrodn\u00ed panorama s neobvykl\u00fdm klidem. Jsou zde k dispozici tak\u00e9 informa\u010dn\u00ed tabule a posezen\u00ed.<br \/>\n<em><strong>Templ\u0161tejn<\/strong><\/em> &#8211; Nad prav\u00fdm b\u0159ehem \u0159eky Jihlavy se nach\u00e1z\u00ed z\u0159\u00edcenina hradu Templ\u0161tejn, kter\u00fd svou rozlohou pat\u0159il k nejrozs\u00e1hlej\u0161\u00edm st\u0159edov\u011bk\u00fdm hrad\u016fm na Morav\u011b. Hrad byl vybudov\u00e1n ryt\u00ed\u0159i \u0159\u00e1du Templ\u00e1\u0159\u016f na sklonku 13. stolet\u00ed. V sou\u010dasnosti jsou dochov\u00e1ny zbytky pal\u00e1ce, \u010d\u00e1st pl\u00e1\u0161\u0165ov\u00e9ho opevn\u011bn\u00ed, br\u00e1na a zbytky studny. Dal\u0161\u00ed podrobnosti lze zjistit z informa\u010dn\u00edho panelu p\u0159ed hradem.<\/div><\/div>\n<div class=\"su-spoiler su-spoiler-style-fancy su-spoiler-icon-arrow .sez su-spoiler-closed\" data-scroll-offset=\"0\" data-anchor-in-url=\"no\"><div class=\"su-spoiler-title\" tabindex=\"0\" role=\"button\"><span class=\"su-spoiler-icon\"><\/span>Cykloturistika<\/div><div class=\"su-spoiler-content su-u-clearfix su-u-trim\">\nPro milovn\u00edky turistiky na kolech se nab\u00edz\u00ed mnoho turistick\u00fdch i cyklistick\u00fdch tras, kter\u00e9 nab\u00edz\u00ed t\u00e9matickou pozn\u00e1vac\u00ed pou\u0165 po cel\u00e9m Pojihlav\u00ed, okoln\u00edch obc\u00ed a \u0159adou v\u00fdznamn\u00fdch bod\u016f.<br class=\"none\" \/><span style=\"text-decoration: underline;\"><strong>Nejzn\u00e1m\u011bj\u0161\u00ed jsou tyto t\u0159i cyklostezky:<\/strong><\/span><\/p>\n<p><span style=\"color: #000000;\"><span style=\"font-size: 16px;\"><div class=\"ezcol ezcol-one-third\"> <a title=\"Templ\u00e1\u0159sk\u00e1 cyklostezka\" href=\"http:\/\/www.cyklo-jizni-morava.cz\/oslavansko---templarska-cyklostezka\" target=\"_blank\"><strong><span style=\"font-size: 16px;\">Templ\u00e1\u0159sk\u00e1 cyklostezka &#8211; 39 km, modr\u00e9 zna\u010den\u00ed<\/span><\/strong><\/a><\/span><\/span><br class=\"none\" \/><span style=\"color: #000000;\"><em><span style=\"font-size: 16px;\">(Oslavany &#8211; Ketkovice &#8211; Senorady &#8211; Biskoupky &#8211; Templ\u0161t\u00fdn &#8211; Hrub\u0161ice &#8211; \u0158eznovice &#8211; Ivan\u010dice, Alexovice &#8211; Ivan\u010dice, Letkovice &#8211; Oslavany)<\/span><\/em><\/span><br class=\"none\" \/><span style=\"color: #000000;\"><span style=\"font-size: 16px;\">&#8211; Templ\u00e1\u0159sk\u00e1 cyklostezka nab\u00edz\u00ed putov\u00e1n\u00ed kolem z\u0159\u00edcenin hrad\u016f na \u0159ek\u00e1ch Oslav\u011b a Jihlav\u011b za pivem Templ\u00e1\u0159. Obkru\u017euje bli\u017e\u0161\u00ed z\u00e1padn\u00ed okol\u00ed Oslavan a vede p\u0159ev\u00e1\u017en\u011b po poln\u00edch a lesn\u00edch cest\u00e1ch nebo silnic\u00edch III. t\u0159. P\u0159ekon\u00e1v\u00e1 kouzeln\u00e9 \u00fadol\u00ed \u0159eky Oslavy pod hradem Levnovem u Senoradsk\u00e9ho ml\u00fdna a prov\u00e1z\u00ed v d\u00e9lce mnoha kilometr\u016f hlubok\u00fdm \u00fadol\u00edm \u0159eky Jihlavy od z\u0159\u00edcenin hradu Templ\u0161tejna a\u017e do m\u00edst, kde se krajina op\u011bt roz\u0161i\u0159uje ze skal a svah\u016f do poln\u00edch rovin.<\/div><\/span><\/span><div class=\"ezcol ezcol-one-third\">\u00a0<span style=\"color: #000000;\"><a title=\"Energetick\u00e1 cyklostezka\" href=\"http:\/\/www.cyklo-jizni-morava.cz\/oslavansko---energeticka-cyklostezka\" target=\"_blank\"><span style=\"font-size: 16px;\"><strong>Energetick\u00e1 cyklostezka &#8211; 48 km, b\u00edl\u00e9 zna\u010den\u00ed<\/strong> <\/span><\/a><\/span><br class=\"none\" \/><span style=\"color: #000000;\"><em><span style=\"font-size: 16px;\">(Z\u00e1mek Oslavany &#8211; Nov\u00e1 Ves &#8211; Senorady &#8211; Mohelno &#8211; p\u0159ehradn\u00ed hr\u00e1z Mohelensk\u00e9 p\u0159ehrady &#8211; Mohelensk\u00e1 hadcov\u00e1 step &#8211; Dukovany &#8211; IC Elektr\u00e1rny Dukovany &#8211; hr\u00e1z Dale\u0161ick\u00e9 p\u0159ehrady &#8211; IC PVE Dale\u0161ice &#8211; Kramol\u00edn &#8211; rozhledna Babylon &#8211; Mohelno)<\/span><\/em><\/span><br class=\"none\" \/><span style=\"color: #000000;\"><span style=\"font-size: 16px;\">&#8211; Energetick\u00e1 cyklostezka je exkurz\u00ed od historie do sou\u010dasnosti energetiky p\u0159es dv\u011b p\u0159ehrady na \u0159ece Jihlav\u011b, seznamuj\u00edc\u00ed s energi\u00ed vodn\u00ed, tepelnou \u010di jadernou. Na trase se setk\u00e1me s muzeem hornictv\u00ed a energetiky s expon\u00e1ty p\u0159ipom\u00ednaj\u00edc\u00ed prvn\u00ed tepelnou elektr\u00e1rnu na Morav\u011b z roku 1913, d\u00e1le s rozhlednou Babylon a p\u0159es p\u0159e\u010derp\u00e1vac\u00ed vodn\u00ed elektr\u00e1rnu na Dale\u0161ick\u00e9 p\u0159ehrad\u011b a\u017e k Jadern\u00e9 elektr\u00e1rn\u011b Dukovany a jej\u00edmu zaj\u00edmav\u00e9mu infocentru.<\/div><\/span><\/span><div class=\"ezcol ezcol-one-third ezcol-last\">\u00a0<span style=\"color: #000000;\"><a title=\"Pivovarsk\u00e1 cyklostezka\" href=\"http:\/\/www.cyklo-jizni-morava.cz\/oslavansko---pivovarska-cyklostezka\" target=\"_blank\"><span style=\"font-size: 16px;\"><strong>Pivovarsk\u00e1 cyklostezka &#8211; 54 km, zelen\u00e9 zna\u010den\u00ed<\/strong> <\/span><\/a><\/span><br class=\"none\" \/><span style=\"color: #000000;\"><em><span style=\"font-size: 16px;\">(Oslavany &#8211; \u010cu\u010dice &#8211; Senoradsk\u00fd ml\u00fdn &#8211; Senorady (- Mohelno &#8211; Kramol\u00edn &#8211; Dale\u0161ice &#8211; Dukovany &#8211; Mohelno &#8211; Lh\u00e1nice -) Biskoupky &#8211; Nov\u00e1 Ves &#8211; Oslavany)<\/span><\/em><\/span><br class=\"none\" \/><span style=\"color: #000000;\"><span style=\"font-size: 16px;\">&#8211; Pivovarsk\u00e1 cyklostezka vede z oslavansk\u00e9ho z\u00e1meck\u00e9ho pivovaru do pivovaru filmov\u00fdch Post\u0159i\u017ein v Dale\u0161ic\u00edch. Pat\u0159\u00ed mezi \u010dlenit\u011bj\u0161\u00ed a vede p\u0159ev\u00e1\u017en\u011b po lesn\u00edch cest\u00e1ch. Kop\u00edruje pr\u016fb\u011bh hubok\u00fdch \u00fadol\u00ed \u0159ek Oslavy a Jihlavy, kter\u00e1 mus\u00ed cyklista opakovan\u011b p\u0159ekon\u00e1vat. P\u0159esto jej trasa dovede do nad o\u010dek\u00e1v\u00e1vn\u00ed romantick\u00fdch m\u00edst, skryt\u00fdch v\u0161em kte\u0159\u00ed zdej\u0161\u00ed krajinu m\u00edjej\u00ed pouze po silnic\u00edch.<\/div><div class=\"ezcol-divider\"><\/div><\/span><\/span><br \/>\n<\/div><\/div>\n","protected":false},"excerpt":{"rendered":"<p>N\u00e1\u0161 penzion je um\u00edst\u011bn\u00fd v obci Biskoupky, kter\u00e9 jsou tak\u00e9 rodi\u0161t\u011bm b\u00e1sn\u00edka Vit\u011bzslava Nezvala. Pro milovn\u00edky p\u0159\u00edrody a turistiky le\u017e\u00ed n\u00e1\u0161 penzion v bl\u00edzkosti n\u00e1dhern\u00e9 p\u0159\u00edrodn\u00ed krajiny tvo\u0159enou p\u0159\u00edrodn\u00edm parkem St\u0159edn\u00ed Pojihlav\u00ed a tak\u00e9 dv\u011bmi p\u0159\u00edrodn\u00edmi rezervacemi &#8211; Biskoupsk\u00e1 hadcov\u00e1 step a Biskoupsk\u00fd kopec. V bl\u00edzkosti je tak\u00e9 poz\u016fstatek hradu \u2026<\/p>\n<p> <a class=\"continue-reading-link\" href=\"https:\/\/www.carodejky.eu\/index.php\/biskoupky-a-okoli\/\">Pokra\u010duj zde&#8230;<i class=\"icon-right-dir\"><\/i><\/a><\/p>\n","protected":false},"author":1,"featured_media":0,"parent":0,"menu_order":0,"comment_status":"closed","ping_status":"closed","template":"","meta":[],"_links":{"self":[{"href":"https:\/\/www.carodejky.eu\/index.php\/wp-json\/wp\/v2\/pages\/22"}],"collection":[{"href":"https:\/\/www.carodejky.eu\/index.php\/wp-json\/wp\/v2\/pages"}],"about":[{"href":"https:\/\/www.carodejky.eu\/index.php\/wp-json\/wp\/v2\/types\/page"}],"author":[{"embeddable":true,"href":"https:\/\/www.carodejky.eu\/index.php\/wp-json\/wp\/v2\/users\/1"}],"replies":[{"embeddable":true,"href":"https:\/\/www.carodejky.eu\/index.php\/wp-json\/wp\/v2\/comments?post=22"}],"version-history":[{"count":7,"href":"https:\/\/www.carodejky.eu\/index.php\/wp-json\/wp\/v2\/pages\/22\/revisions"}],"predecessor-version":[{"id":424,"href":"https:\/\/www.carodejky.eu\/index.php\/wp-json\/wp\/v2\/pages\/22\/revisions\/424"}],"wp:attachment":[{"href":"https:\/\/www.carodejky.eu\/index.php\/wp-json\/wp\/v2\/media?parent=22"}],"curies":[{"name":"wp","href":"https:\/\/api.w.org\/{rel}","templated":true}]}}